{"id":9478,"date":"2023-11-02T16:09:06","date_gmt":"2023-11-02T16:09:06","guid":{"rendered":"https:\/\/www.eyecenter.be\/affections-oculaires\/scheelzien-of-dubbelzien\/"},"modified":"2024-10-22T12:31:09","modified_gmt":"2024-10-22T12:31:09","slug":"strabisme-ou-vision-double","status":"publish","type":"page","link":"https:\/\/www.eyecenter.be\/fr\/affections-oculaires\/strabisme-ou-vision-double\/","title":{"rendered":"Strabisme ou vision double"},"content":{"rendered":"\t\t<div data-elementor-type=\"wp-page\" data-elementor-id=\"9478\" class=\"elementor elementor-9478 elementor-1079\" data-elementor-post-type=\"page\">\n\t\t\t\t<div class=\"elementor-element elementor-element-6229ea8 imgoverlay e-flex e-con-boxed e-con e-parent\" data-id=\"6229ea8\" data-element_type=\"container\" data-settings=\"{&quot;background_background&quot;:&quot;classic&quot;}\">\n\t\t\t\t\t<div class=\"e-con-inner\">\n\t\t<div class=\"elementor-element elementor-element-2a8578d e-con-full e-flex e-con e-child\" data-id=\"2a8578d\" data-element_type=\"container\">\n\t\t\t\t<div class=\"elementor-element elementor-element-6f535c4 elementor-widget elementor-widget-heading\" data-id=\"6f535c4\" data-element_type=\"widget\" data-widget_type=\"heading.default\">\n\t\t\t\t<div class=\"elementor-widget-container\">\n\t\t\t\t\t<h1 class=\"elementor-heading-title elementor-size-default\">Strabisme ou vision double<\/h1>\t\t\t\t<\/div>\n\t\t\t\t<\/div>\n\t\t\t\t<div class=\"elementor-element elementor-element-8b11bdd elementor-widget elementor-widget-text-editor\" data-id=\"8b11bdd\" data-element_type=\"widget\" data-widget_type=\"text-editor.default\">\n\t\t\t\t<div class=\"elementor-widget-container\">\n\t\t\t\t\t\t\t\t\tLes m\u00e9decins suivants de notre \u00e9quipe sont sp\u00e9cialis\u00e9s dans le traitement du strabisme :<br>\nDr. Vandekerckhove et Dr. Vereecken.\t\t\t\t\t\t\t\t<\/div>\n\t\t\t\t<\/div>\n\t\t\t\t<\/div>\n\t\t\t\t\t<\/div>\n\t\t\t\t<\/div>\n\t\t<div class=\"elementor-element elementor-element-16f8d93 e-flex e-con-boxed e-con e-parent\" data-id=\"16f8d93\" data-element_type=\"container\">\n\t\t\t\t\t<div class=\"e-con-inner\">\n\t\t\t\t<div class=\"elementor-element elementor-element-4192b74 elementor-align-right elementor-widget__width-auto btnfullwith mobilebackground elementor-fixed elementor-widget elementor-widget-button\" data-id=\"4192b74\" data-element_type=\"widget\" data-settings=\"{&quot;_position&quot;:&quot;fixed&quot;}\" data-widget_type=\"button.default\">\n\t\t\t\t<div class=\"elementor-widget-container\">\n\t\t\t\t\t\t\t\t\t<div class=\"elementor-button-wrapper\">\n\t\t\t\t\t<a class=\"elementor-button elementor-button-link elementor-size-sm\" href=\"https:\/\/www.eyecenter.be\/fr\/nos-centres-ophtalmologiques-et-notre-equipe\/\">\n\t\t\t\t\t\t<span class=\"elementor-button-content-wrapper\">\n\t\t\t\t\t\t\t\t\t<span class=\"elementor-button-text\">Prenez rendez-vous<\/span>\n\t\t\t\t\t<\/span>\n\t\t\t\t\t<\/a>\n\t\t\t\t<\/div>\n\t\t\t\t\t\t\t\t<\/div>\n\t\t\t\t<\/div>\n\t\t\t\t\t<\/div>\n\t\t\t\t<\/div>\n\t\t<div class=\"elementor-element elementor-element-46a583b e-flex e-con-boxed e-con e-parent\" data-id=\"46a583b\" data-element_type=\"container\" data-settings=\"{&quot;background_background&quot;:&quot;classic&quot;}\">\n\t\t\t\t\t<div class=\"e-con-inner\">\n\t\t<div class=\"elementor-element elementor-element-fb595d1 e-flex e-con-boxed e-con e-child\" data-id=\"fb595d1\" data-element_type=\"container\" data-settings=\"{&quot;background_background&quot;:&quot;classic&quot;}\">\n\t\t\t\t\t<div class=\"e-con-inner\">\n\t\t<div class=\"elementor-element elementor-element-5c35a5c e-flex e-con-boxed e-con e-child\" data-id=\"5c35a5c\" data-element_type=\"container\" data-settings=\"{&quot;background_background&quot;:&quot;classic&quot;}\">\n\t\t\t\t\t<div class=\"e-con-inner\">\n\t\t\t\t<div class=\"elementor-element elementor-element-b3edec2 elementor-widget elementor-widget-heading\" data-id=\"b3edec2\" data-element_type=\"widget\" data-widget_type=\"heading.default\">\n\t\t\t\t<div class=\"elementor-widget-container\">\n\t\t\t\t\t<h2 class=\"elementor-heading-title elementor-size-default\">Qu\u2019est-ce que le strabisme ?<\/h2>\t\t\t\t<\/div>\n\t\t\t\t<\/div>\n\t\t\t\t<div class=\"elementor-element elementor-element-09656bc elementor-widget elementor-widget-text-editor\" data-id=\"09656bc\" data-element_type=\"widget\" data-widget_type=\"text-editor.default\">\n\t\t\t\t<div class=\"elementor-widget-container\">\n\t\t\t\t\t\t\t\t\t<p>Le strabisme est une affection oculaire \u00e0 cause de laquelle la coordination des mouvements oculaires est perturb\u00e9e. Dans certains cas, l\u2019acuit\u00e9 visuelle des deux yeux n\u2019est pas parfaitement identique. En g\u00e9n\u00e9ral, un seul \u0153il d\u00e9vie de mani\u00e8re frappante. Cela peut \u00eatre le signe d\u2019un &lsquo;\u0153il paresseux&rsquo;. Il est donc important de contr\u00f4ler la vision et, si n\u00e9cessaire, de commencer par la corriger \u00e0 l\u2019aide de lunettes ou en couvrant l\u2019\u0153il qui fonctionne mieux.<br \/>L\u2019\u0153il touch\u00e9 peut \u00eatre d\u00e9vi\u00e9 vers l\u2019int\u00e9rieur ou vers l\u2019ext\u00e9rieur, mais parfois aussi vers le haut ou vers le bas. En substance, l\u2019\u00e9quilibre entre les deux yeux est perturb\u00e9. Le strabisme touche principalement les enfants et appara\u00eet juste apr\u00e8s la naissance ou un peu plus tard. Il peut frapper les adultes apr\u00e8s un accident, une maladie nerveuse ou une h\u00e9morragie c\u00e9r\u00e9brale, par exemple.<\/p>\t\t\t\t\t\t\t\t<\/div>\n\t\t\t\t<\/div>\n\t\t\t\t\t<\/div>\n\t\t\t\t<\/div>\n\t\t\t\t\t<\/div>\n\t\t\t\t<\/div>\n\t\t\t\t\t<\/div>\n\t\t\t\t<\/div>\n\t\t<div class=\"elementor-element elementor-element-226b5c6 e-flex e-con-boxed e-con e-parent\" data-id=\"226b5c6\" data-element_type=\"container\" data-settings=\"{&quot;background_background&quot;:&quot;classic&quot;}\">\n\t\t\t\t\t<div class=\"e-con-inner\">\n\t\t<div class=\"elementor-element elementor-element-5cd4391 e-flex e-con-boxed e-con e-child\" data-id=\"5cd4391\" data-element_type=\"container\">\n\t\t\t\t\t<div class=\"e-con-inner\">\n\t\t\t\t<div class=\"elementor-element elementor-element-2d69c6a elementor-widget elementor-widget-heading\" data-id=\"2d69c6a\" data-element_type=\"widget\" data-widget_type=\"heading.default\">\n\t\t\t\t<div class=\"elementor-widget-container\">\n\t\t\t\t\t<h2 class=\"elementor-heading-title elementor-size-default\">Traitement du strabisme<\/h2>\t\t\t\t<\/div>\n\t\t\t\t<\/div>\n\t\t\t\t<div class=\"elementor-element elementor-element-bfc76f9 elementor-widget elementor-widget-text-editor\" data-id=\"bfc76f9\" data-element_type=\"widget\" data-widget_type=\"text-editor.default\">\n\t\t\t\t<div class=\"elementor-widget-container\">\n\t\t\t\t\t\t\t\t\t<p>Si vous souhaitez faire &lsquo;rectifier&rsquo; les yeux de votre enfant, vous pouvez opter pour une op\u00e9ration du strabisme. Cette op\u00e9ration du muscle oculaire est aussi possible \u00e0 l\u2019\u00e2ge adulte. Il est important de savoir qu\u2019elle a pour but de raccourcir ou de d\u00e9placer les muscles oculaires afin que les yeux soient align\u00e9s. Cette intervention traite uniquement les muscles oculaires et n\u2019am\u00e9liore donc pas l\u2019acuit\u00e9 visuelle. Une seule op\u00e9ration suffit souvent pour am\u00e9liorer la position des yeux, mais plusieurs sont parfois n\u00e9cessaires pour obtenir un r\u00e9sultat optimal.<\/p>\t\t\t\t\t\t\t\t<\/div>\n\t\t\t\t<\/div>\n\t\t\t\t\t<\/div>\n\t\t\t\t<\/div>\n\t\t\t\t\t<\/div>\n\t\t\t\t<\/div>\n\t\t<div class=\"elementor-element elementor-element-9a58704 e-flex e-con-boxed e-con e-parent\" data-id=\"9a58704\" data-element_type=\"container\" data-settings=\"{&quot;background_background&quot;:&quot;classic&quot;}\">\n\t\t\t\t\t<div class=\"e-con-inner\">\n\t\t<div class=\"elementor-element elementor-element-90bc081 e-flex e-con-boxed e-con e-child\" data-id=\"90bc081\" data-element_type=\"container\" data-settings=\"{&quot;background_background&quot;:&quot;classic&quot;}\">\n\t\t\t\t\t<div class=\"e-con-inner\">\n\t\t<div class=\"elementor-element elementor-element-a2698b5 e-flex e-con-boxed e-con e-child\" data-id=\"a2698b5\" data-element_type=\"container\" data-settings=\"{&quot;background_background&quot;:&quot;classic&quot;}\">\n\t\t\t\t\t<div class=\"e-con-inner\">\n\t\t\t\t<div class=\"elementor-element elementor-element-407500e elementor-widget elementor-widget-heading\" data-id=\"407500e\" data-element_type=\"widget\" data-widget_type=\"heading.default\">\n\t\t\t\t<div class=\"elementor-widget-container\">\n\t\t\t\t\t<h2 class=\"elementor-heading-title elementor-size-default\">D\u00e9roulement de l\u2019intervention<\/h2>\t\t\t\t<\/div>\n\t\t\t\t<\/div>\n\t\t\t\t<div class=\"elementor-element elementor-element-caf96ae elementor-widget elementor-widget-text-editor\" data-id=\"caf96ae\" data-element_type=\"widget\" data-widget_type=\"text-editor.default\">\n\t\t\t\t<div class=\"elementor-widget-container\">\n\t\t\t\t\t\t\t\t\t<p>Une op\u00e9ration du strabisme a lieu sous anesth\u00e9sie g\u00e9n\u00e9rale et n\u00e9cessite une hospitalisation de jour. Le parent ou le tuteur peut rester aupr\u00e8s de l\u2019enfant jusqu\u2019\u00e0 l\u2019anesth\u00e9sie.<\/p><p>Habituellement, le patient ressent peu de douleur au niveau des yeux. Apr\u00e8s l\u2019op\u00e9ration, vous pouvez en principe reprendre votre vie normale. Un contr\u00f4le chez l\u2019orthoptiste est pr\u00e9vu une semaine apr\u00e8s l\u2019op\u00e9ration.<\/p>\t\t\t\t\t\t\t\t<\/div>\n\t\t\t\t<\/div>\n\t\t\t\t\t<\/div>\n\t\t\t\t<\/div>\n\t\t\t\t\t<\/div>\n\t\t\t\t<\/div>\n\t\t\t\t\t<\/div>\n\t\t\t\t<\/div>\n\t\t<div class=\"elementor-element elementor-element-08c3e5a e-flex e-con-boxed e-con e-parent\" data-id=\"08c3e5a\" data-element_type=\"container\" data-settings=\"{&quot;background_background&quot;:&quot;classic&quot;}\">\n\t\t\t\t\t<div class=\"e-con-inner\">\n\t\t<div class=\"elementor-element elementor-element-6504b09 e-flex e-con-boxed e-con e-child\" data-id=\"6504b09\" data-element_type=\"container\">\n\t\t\t\t\t<div class=\"e-con-inner\">\n\t\t<div class=\"elementor-element elementor-element-d105177 e-con-full e-flex e-con e-child\" data-id=\"d105177\" data-element_type=\"container\">\n\t\t<div class=\"elementor-element elementor-element-d162fac e-flex e-con-boxed e-con e-child\" data-id=\"d162fac\" data-element_type=\"container\">\n\t\t\t\t\t<div class=\"e-con-inner\">\n\t\t<div class=\"elementor-element elementor-element-3982ec7 e-flex e-con-boxed elementor-invisible e-con e-child\" data-id=\"3982ec7\" data-element_type=\"container\" data-settings=\"{&quot;animation&quot;:&quot;fadeInUp&quot;,&quot;background_background&quot;:&quot;classic&quot;}\">\n\t\t\t\t\t<div class=\"e-con-inner\">\n\t\t<div class=\"elementor-element elementor-element-c9b0484 e-con-full e-flex e-con e-child\" data-id=\"c9b0484\" data-element_type=\"container\" data-settings=\"{&quot;background_background&quot;:&quot;classic&quot;}\">\n\t\t<div class=\"elementor-element elementor-element-954878c e-flex e-con-boxed e-con e-child\" data-id=\"954878c\" data-element_type=\"container\">\n\t\t\t\t\t<div class=\"e-con-inner\">\n\t\t\t\t<div class=\"elementor-element elementor-element-57915b8 elementor-widget elementor-widget-heading\" data-id=\"57915b8\" data-element_type=\"widget\" data-widget_type=\"heading.default\">\n\t\t\t\t<div class=\"elementor-widget-container\">\n\t\t\t\t\t<h2 class=\"elementor-heading-title elementor-size-default\">Combien co\u00fbte une op\u00e9ration du strabisme ?<\/h2>\t\t\t\t<\/div>\n\t\t\t\t<\/div>\n\t\t\t\t<div class=\"elementor-element elementor-element-348dbf2 elementor-widget elementor-widget-text-editor\" data-id=\"348dbf2\" data-element_type=\"widget\" data-widget_type=\"text-editor.default\">\n\t\t\t\t<div class=\"elementor-widget-container\">\n\t\t\t\t\t\t\t\t\tLors de la consultation, nous vous donnons un aper\u00e7u du co\u00fbt de votre traitement. Ce traitement est couvert par l\u2019assurance maladie.\t\t\t\t\t\t\t\t<\/div>\n\t\t\t\t<\/div>\n\t\t\t\t\t<\/div>\n\t\t\t\t<\/div>\n\t\t\t\t<\/div>\n\t\t\t\t\t<\/div>\n\t\t\t\t<\/div>\n\t\t\t\t\t<\/div>\n\t\t\t\t<\/div>\n\t\t\t\t<\/div>\n\t\t\t\t\t<\/div>\n\t\t\t\t<\/div>\n\t\t\t\t\t<\/div>\n\t\t\t\t<\/div>\n\t\t\t\t<\/div>\n\t\t","protected":false},"excerpt":{"rendered":"<p>Strabisme ou vision double Les m\u00e9decins suivants de notre \u00e9quipe sont sp\u00e9cialis\u00e9s dans le traitement du strabisme : Dr. Vandekerckhove et Dr. Vereecken. Prenez rendez-vous Qu\u2019est-ce que le strabisme ? Le strabisme est une affection oculaire \u00e0 cause de laquelle la coordination des mouvements oculaires est perturb\u00e9e. Dans certains cas, l\u2019acuit\u00e9 visuelle des deux yeux [&hellip;]<\/p>\n","protected":false},"author":1,"featured_media":0,"parent":9243,"menu_order":0,"comment_status":"closed","ping_status":"closed","template":"","meta":{"_acf_changed":false,"footnotes":""},"class_list":["post-9478","page","type-page","status-publish","hentry"],"acf":[],"yoast_head":"<!-- This site is optimized with the Yoast SEO plugin v27.4 - https:\/\/yoast.com\/product\/yoast-seo-wordpress\/ -->\n<title>De behandeling van scheelzien<\/title>\n<meta name=\"description\" content=\"Scheelzien, oftwel strabisme, kan gecorrigeerd worden via een scheelzienoperatie, bij zowel kinderen als volwassenen. Alle info vind je hier.\" \/>\n<meta name=\"robots\" content=\"index, follow, max-snippet:-1, max-image-preview:large, max-video-preview:-1\" \/>\n<link rel=\"canonical\" href=\"https:\/\/www.eyecenter.be\/oogaandoeningen-behandelingen\/scheelzien-of-dubbelzien\/\" \/>\n<meta property=\"og:locale\" content=\"fr_FR\" \/>\n<meta property=\"og:type\" content=\"article\" \/>\n<meta property=\"og:title\" content=\"De behandeling van scheelzien\" \/>\n<meta property=\"og:description\" content=\"Scheelzien, oftwel strabisme, kan gecorrigeerd worden via een scheelzienoperatie, bij zowel kinderen als volwassenen. Alle info vind je hier.\" \/>\n<meta property=\"og:url\" content=\"https:\/\/www.eyecenter.be\/oogaandoeningen-behandelingen\/scheelzien-of-dubbelzien\/\" \/>\n<meta property=\"og:site_name\" content=\"Eyecenter oogartsen\" \/>\n<meta property=\"article:modified_time\" content=\"2024-10-22T12:31:09+00:00\" \/>\n<meta name=\"twitter:card\" content=\"summary_large_image\" \/>\n<meta name=\"twitter:label1\" content=\"Dur\u00e9e de lecture estim\u00e9e\" \/>\n\t<meta name=\"twitter:data1\" content=\"2 minutes\" \/>\n<script type=\"application\/ld+json\" class=\"yoast-schema-graph\">{\"@context\":\"https:\\\/\\\/schema.org\",\"@graph\":[{\"@type\":\"WebPage\",\"@id\":\"https:\\\/\\\/www.eyecenter.be\\\/oogaandoeningen-behandelingen\\\/scheelzien-of-dubbelzien\\\/\",\"url\":\"https:\\\/\\\/www.eyecenter.be\\\/oogaandoeningen-behandelingen\\\/scheelzien-of-dubbelzien\\\/\",\"name\":\"De behandeling van scheelzien\",\"isPartOf\":{\"@id\":\"https:\\\/\\\/www.eyecenter.be\\\/#website\"},\"datePublished\":\"2023-11-02T16:09:06+00:00\",\"dateModified\":\"2024-10-22T12:31:09+00:00\",\"description\":\"Scheelzien, oftwel strabisme, kan gecorrigeerd worden via een scheelzienoperatie, bij zowel kinderen als volwassenen. Alle info vind je hier.\",\"breadcrumb\":{\"@id\":\"https:\\\/\\\/www.eyecenter.be\\\/oogaandoeningen-behandelingen\\\/scheelzien-of-dubbelzien\\\/#breadcrumb\"},\"inLanguage\":\"fr-FR\",\"potentialAction\":[{\"@type\":\"ReadAction\",\"target\":[\"https:\\\/\\\/www.eyecenter.be\\\/oogaandoeningen-behandelingen\\\/scheelzien-of-dubbelzien\\\/\"]}]},{\"@type\":\"BreadcrumbList\",\"@id\":\"https:\\\/\\\/www.eyecenter.be\\\/oogaandoeningen-behandelingen\\\/scheelzien-of-dubbelzien\\\/#breadcrumb\",\"itemListElement\":[{\"@type\":\"ListItem\",\"position\":1,\"name\":\"Affections oculaires\",\"item\":\"https:\\\/\\\/www.eyecenter.be\\\/oogaandoeningen-behandelingen\\\/\"},{\"@type\":\"ListItem\",\"position\":2,\"name\":\"Strabisme ou vision double\"}]},{\"@type\":\"WebSite\",\"@id\":\"https:\\\/\\\/www.eyecenter.be\\\/#website\",\"url\":\"https:\\\/\\\/www.eyecenter.be\\\/\",\"name\":\"Eyecenter oogartsen\",\"description\":\"\",\"publisher\":{\"@id\":\"https:\\\/\\\/www.eyecenter.be\\\/#organization\"},\"potentialAction\":[{\"@type\":\"SearchAction\",\"target\":{\"@type\":\"EntryPoint\",\"urlTemplate\":\"https:\\\/\\\/www.eyecenter.be\\\/?s={search_term_string}\"},\"query-input\":{\"@type\":\"PropertyValueSpecification\",\"valueRequired\":true,\"valueName\":\"search_term_string\"}}],\"inLanguage\":\"fr-FR\"},{\"@type\":\"Organization\",\"@id\":\"https:\\\/\\\/www.eyecenter.be\\\/#organization\",\"name\":\"Eyecenter oogartsen\",\"url\":\"https:\\\/\\\/www.eyecenter.be\\\/\",\"logo\":{\"@type\":\"ImageObject\",\"inLanguage\":\"fr-FR\",\"@id\":\"https:\\\/\\\/www.eyecenter.be\\\/#\\\/schema\\\/logo\\\/image\\\/\",\"url\":\"https:\\\/\\\/www.eyecenter.be\\\/wp-content\\\/uploads\\\/sites\\\/7\\\/2024\\\/06\\\/Oogartsenpraktijk-Eyecenter_algemeen_RGB-e1720694356265.png\",\"contentUrl\":\"https:\\\/\\\/www.eyecenter.be\\\/wp-content\\\/uploads\\\/sites\\\/7\\\/2024\\\/06\\\/Oogartsenpraktijk-Eyecenter_algemeen_RGB-e1720694356265.png\",\"width\":1049,\"height\":234,\"caption\":\"Eyecenter oogartsen\"},\"image\":{\"@id\":\"https:\\\/\\\/www.eyecenter.be\\\/#\\\/schema\\\/logo\\\/image\\\/\"}}]}<\/script>\n<!-- \/ Yoast SEO plugin. -->","yoast_head_json":{"title":"De behandeling van scheelzien","description":"Scheelzien, oftwel strabisme, kan gecorrigeerd worden via een scheelzienoperatie, bij zowel kinderen als volwassenen. Alle info vind je hier.","robots":{"index":"index","follow":"follow","max-snippet":"max-snippet:-1","max-image-preview":"max-image-preview:large","max-video-preview":"max-video-preview:-1"},"canonical":"https:\/\/www.eyecenter.be\/oogaandoeningen-behandelingen\/scheelzien-of-dubbelzien\/","og_locale":"fr_FR","og_type":"article","og_title":"De behandeling van scheelzien","og_description":"Scheelzien, oftwel strabisme, kan gecorrigeerd worden via een scheelzienoperatie, bij zowel kinderen als volwassenen. Alle info vind je hier.","og_url":"https:\/\/www.eyecenter.be\/oogaandoeningen-behandelingen\/scheelzien-of-dubbelzien\/","og_site_name":"Eyecenter oogartsen","article_modified_time":"2024-10-22T12:31:09+00:00","twitter_card":"summary_large_image","twitter_misc":{"Dur\u00e9e de lecture estim\u00e9e":"2 minutes"},"schema":{"@context":"https:\/\/schema.org","@graph":[{"@type":"WebPage","@id":"https:\/\/www.eyecenter.be\/oogaandoeningen-behandelingen\/scheelzien-of-dubbelzien\/","url":"https:\/\/www.eyecenter.be\/oogaandoeningen-behandelingen\/scheelzien-of-dubbelzien\/","name":"De behandeling van scheelzien","isPartOf":{"@id":"https:\/\/www.eyecenter.be\/#website"},"datePublished":"2023-11-02T16:09:06+00:00","dateModified":"2024-10-22T12:31:09+00:00","description":"Scheelzien, oftwel strabisme, kan gecorrigeerd worden via een scheelzienoperatie, bij zowel kinderen als volwassenen. Alle info vind je hier.","breadcrumb":{"@id":"https:\/\/www.eyecenter.be\/oogaandoeningen-behandelingen\/scheelzien-of-dubbelzien\/#breadcrumb"},"inLanguage":"fr-FR","potentialAction":[{"@type":"ReadAction","target":["https:\/\/www.eyecenter.be\/oogaandoeningen-behandelingen\/scheelzien-of-dubbelzien\/"]}]},{"@type":"BreadcrumbList","@id":"https:\/\/www.eyecenter.be\/oogaandoeningen-behandelingen\/scheelzien-of-dubbelzien\/#breadcrumb","itemListElement":[{"@type":"ListItem","position":1,"name":"Affections oculaires","item":"https:\/\/www.eyecenter.be\/oogaandoeningen-behandelingen\/"},{"@type":"ListItem","position":2,"name":"Strabisme ou vision double"}]},{"@type":"WebSite","@id":"https:\/\/www.eyecenter.be\/#website","url":"https:\/\/www.eyecenter.be\/","name":"Eyecenter oogartsen","description":"","publisher":{"@id":"https:\/\/www.eyecenter.be\/#organization"},"potentialAction":[{"@type":"SearchAction","target":{"@type":"EntryPoint","urlTemplate":"https:\/\/www.eyecenter.be\/?s={search_term_string}"},"query-input":{"@type":"PropertyValueSpecification","valueRequired":true,"valueName":"search_term_string"}}],"inLanguage":"fr-FR"},{"@type":"Organization","@id":"https:\/\/www.eyecenter.be\/#organization","name":"Eyecenter oogartsen","url":"https:\/\/www.eyecenter.be\/","logo":{"@type":"ImageObject","inLanguage":"fr-FR","@id":"https:\/\/www.eyecenter.be\/#\/schema\/logo\/image\/","url":"https:\/\/www.eyecenter.be\/wp-content\/uploads\/sites\/7\/2024\/06\/Oogartsenpraktijk-Eyecenter_algemeen_RGB-e1720694356265.png","contentUrl":"https:\/\/www.eyecenter.be\/wp-content\/uploads\/sites\/7\/2024\/06\/Oogartsenpraktijk-Eyecenter_algemeen_RGB-e1720694356265.png","width":1049,"height":234,"caption":"Eyecenter oogartsen"},"image":{"@id":"https:\/\/www.eyecenter.be\/#\/schema\/logo\/image\/"}}]}},"_links":{"self":[{"href":"https:\/\/www.eyecenter.be\/fr\/wp-json\/wp\/v2\/pages\/9478","targetHints":{"allow":["GET"]}}],"collection":[{"href":"https:\/\/www.eyecenter.be\/fr\/wp-json\/wp\/v2\/pages"}],"about":[{"href":"https:\/\/www.eyecenter.be\/fr\/wp-json\/wp\/v2\/types\/page"}],"author":[{"embeddable":true,"href":"https:\/\/www.eyecenter.be\/fr\/wp-json\/wp\/v2\/users\/1"}],"replies":[{"embeddable":true,"href":"https:\/\/www.eyecenter.be\/fr\/wp-json\/wp\/v2\/comments?post=9478"}],"version-history":[{"count":22,"href":"https:\/\/www.eyecenter.be\/fr\/wp-json\/wp\/v2\/pages\/9478\/revisions"}],"predecessor-version":[{"id":11563,"href":"https:\/\/www.eyecenter.be\/fr\/wp-json\/wp\/v2\/pages\/9478\/revisions\/11563"}],"up":[{"embeddable":true,"href":"https:\/\/www.eyecenter.be\/fr\/wp-json\/wp\/v2\/pages\/9243"}],"wp:attachment":[{"href":"https:\/\/www.eyecenter.be\/fr\/wp-json\/wp\/v2\/media?parent=9478"}],"curies":[{"name":"wp","href":"https:\/\/api.w.org\/{rel}","templated":true}]}}